{"id":988,"date":"2023-05-17T09:14:51","date_gmt":"2023-05-17T09:14:51","guid":{"rendered":"https:\/\/www.lntp.ne\/?page_id=988"},"modified":"2026-04-30T15:12:07","modified_gmt":"2026-04-30T15:12:07","slug":"missions-objectifs","status":"publish","type":"page","link":"https:\/\/www.lntp.ne\/?page_id=988","title":{"rendered":"Missions"},"content":{"rendered":"\t\t<div data-elementor-type=\"wp-page\" data-elementor-id=\"988\" class=\"elementor elementor-988\">\n\t\t\t\t\t\t\t\t\t<section class=\"elementor-section elementor-top-section elementor-element elementor-element-31db33f6 elementor-section-boxed elementor-section-height-default elementor-section-height-default\" data-id=\"31db33f6\" data-element_type=\"section\" id=\"xs_tab_9\" data-settings=\"{&quot;background_background&quot;:&quot;classic&quot;}\">\n\t\t\t\t\t\t<div class=\"elementor-container elementor-column-gap-default\">\n\t\t\t\t\t<div class=\"elementor-column elementor-col-100 elementor-top-column elementor-element elementor-element-440fa2e2\" data-id=\"440fa2e2\" data-element_type=\"column\">\n\t\t\t<div class=\"elementor-widget-wrap elementor-element-populated\">\n\t\t\t\t\t\t\t\t<section class=\"elementor-section elementor-inner-section elementor-element elementor-element-56f475ff elementor-section-boxed elementor-section-height-default elementor-section-height-default\" data-id=\"56f475ff\" data-element_type=\"section\">\n\t\t\t\t\t\t<div class=\"elementor-container elementor-column-gap-default\">\n\t\t\t\t\t<div class=\"elementor-column elementor-col-100 elementor-inner-column elementor-element elementor-element-5854427\" data-id=\"5854427\" data-element_type=\"column\">\n\t\t\t<div class=\"elementor-widget-wrap elementor-element-populated\">\n\t\t\t\t\t\t\t\t<div class=\"elementor-element elementor-element-b1ed22b elementor-widget__width-initial elementor-widget elementor-widget-elementskit-simple-tab\" data-id=\"b1ed22b\" data-element_type=\"widget\" data-widget_type=\"elementskit-simple-tab.default\">\n\t\t\t\t<div class=\"elementor-widget-container\">\n\t\t\t<div class=\"ekit-wid-con\" >        <div class=\"elementkit-tab-wraper   elementskit-fitcontent-tab \">\n            <ul class=\"nav nav-tabs elementkit-tab-nav  elementskit_pregress_style elementskit_pregress_style\">\n                                    <li class=\"elementkit-nav-item elementor-repeater-item-e7fb3c4\">\n                        <a class=\"elementkit-nav-link  active show left-pos\" id=\"content-e7fb3c46a041e6f2d38d-tab\" data-ekit-handler-id=\"missions-\" data-ekit-toggle=\"tab\" data-target=\"#content-e7fb3c46a041e6f2d38d\" href=\"#Content-e7fb3c46a041e6f2d38d\"\n                            data-ekit-toggle-trigger=\"click\"\n                            aria-describedby=\"Content-e7fb3c46a041e6f2d38d\">\n                            <span class=\"fab fa-medapps elementskit-tab-icon\"><\/span>                            <span class=\"elementskit-tab-title\"> Missions <\/span>\n                        <\/a>\n                    <\/li>\n                                <\/ul>\n\n            <div class=\"tab-content elementkit-tab-content\">\n                                    <div class=\"tab-pane elementkit-tab-pane elementor-repeater-item-e7fb3c4  active show\" id=\"content-e7fb3c46a041e6f2d38d\" role=\"tabpanel\"\n                         aria-labelledby=\"content-e7fb3c46a041e6f2d38d-tab\">\n                        <div class=\"animated fadeIn\">\n                            <div style=\"max-width: 1100px; margin: 30px auto; padding: 35px; background-color: #eef5ff; border-radius: 30px; font-family: 'Segoe UI', Roboto, Arial, sans-serif; box-shadow: 0 10px 25px rgba(0,0,0,0.1);\"><h2 style=\"margin: 0 0 15px 0; font-size: 36px; font-weight: 600; color: #1e3c72; border-left: 8px solid #1e88e5; padding-left: 20px;\">Laboratoire National des Travaux Publics et du B\u00e2timent (LNTP\/B)<\/h2><p><!-- Description (agrandie) --><\/p><p style=\"background-color: #d9ebff; padding: 20px 25px; border-radius: 50px; font-size: 18px; margin-bottom: 40px; color: #0a2b44; line-height: 1.5;\"><strong>Notre mission :<\/strong> garantir la qualit\u00e9, la s\u00e9curit\u00e9 et la durabilit\u00e9 des infrastructures en fournissant des services techniques et scientifiques de haut niveau.<\/p><p><!-- Sous-titre Valeurs (agrandi) --><\/p><h3 style=\"font-size: 28px; font-weight: 500; margin: 0 0 30px 0; color: #1e3c72;\">Nos valeurs<\/h3><p><!-- Grille de boxes valeurs --><\/p><div style=\"display: grid; grid-template-columns: repeat(2, 1fr); gap: 22px; margin-bottom: 50px;\"><div style=\"background-color: white; border-radius: 24px; padding: 22px 18px; box-shadow: 0 8px 15px rgba(0,0,0,0.08); display: flex; align-items: center; transition: all 0.2s; border: 1px solid #cde3ff;\"><span style=\"color: #1e88e5; font-size: 32px; margin-right: 18px;\">\ud83d\udd0d<\/span> <span style=\"font-weight: 600; font-size: 20px;\">Int\u00e9grit\u00e9 et transparence<\/span><\/div><div style=\"background-color: white; border-radius: 24px; padding: 22px 18px; box-shadow: 0 8px 15px rgba(0,0,0,0.08); display: flex; align-items: center; transition: all 0.2s; border: 1px solid #cde3ff;\"><span style=\"color: #1e88e5; font-size: 32px; margin-right: 18px;\">\ud83d\udca1<\/span> <span style=\"font-weight: 600; font-size: 20px;\">Innovation et technologie<\/span><\/div><div style=\"background-color: white; border-radius: 24px; padding: 22px 18px; box-shadow: 0 8px 15px rgba(0,0,0,0.08); display: flex; align-items: center; transition: all 0.2s; border: 1px solid #cde3ff;\"><span style=\"color: #1e88e5; font-size: 32px; margin-right: 18px;\">\u2b50<\/span> <span style=\"font-weight: 600; font-size: 20px;\">Engagement envers la qualit\u00e9<\/span><\/div><div style=\"background-color: white; border-radius: 24px; padding: 22px 18px; box-shadow: 0 8px 15px rgba(0,0,0,0.08); display: flex; align-items: center; transition: all 0.2s; border: 1px solid #cde3ff;\"><span style=\"color: #1e88e5; font-size: 32px; margin-right: 18px;\">\ud83e\udd1d<\/span> <span style=\"font-weight: 600; font-size: 20px;\">Service \u00e0 la communaut\u00e9<\/span><\/div><\/div><p><!-- Sous-titre Activit\u00e9s --><\/p><h3 style=\"font-size: 28px; font-weight: 500; margin: 0 0 30px 0; color: #1e3c72;\">Les activit\u00e9s du LNTP\/B<\/h3><p><!-- Description des activit\u00e9s --><\/p><div style=\"background-color: white; border-radius: 24px; padding: 25px; box-shadow: 0 8px 15px rgba(0,0,0,0.08); margin-bottom: 30px; line-height: 1.6; font-size: 17px; color: #1e3c72;\"><p style=\"margin-top: 0;\">Le Laboratoire National des Travaux Publics et du B\u00e2timent (LNTP\/B) r\u00e9alise des prestations en <strong>g\u00e9otechnique des infrastructures de transport<\/strong> (route, a\u00e9rodrome, chemin de fer), de b\u00e2timent et des infrastructures hydrauliques. Il a pour mission principale l\u2019accompagnement de l\u2019\u00c9tat et d\u2019autres partenaires dans tous les projets des dites infrastructures, en donnant son avis sur la qualit\u00e9 des mat\u00e9riaux, sur leur mise en \u0153uvre, leur mode d\u2019emploi et les caract\u00e9ristiques des sols pouvant conditionner la stabilit\u00e9 ou la bonne tenue des ouvrages.<\/p><p>De plus en plus, le LNTP\/B appuie la mise en place des <strong>infrastructures mini\u00e8res<\/strong> en s\u2019adaptant sur les normes de la g\u00e9otechnique environnementale.<\/p><\/div><p><!-- Grille des prestations sp\u00e9cifiques --><\/p><div style=\"display: grid; grid-template-columns: repeat(2, 1fr); gap: 22px;\"><div style=\"background-color: white; border-radius: 24px; padding: 22px 18px; box-shadow: 0 8px 15px rgba(0,0,0,0.08); display: flex; align-items: center; border: 1px solid #e0e7ef;\"><span style=\"color: #1e88e5; font-size: 32px; margin-right: 18px;\">\ud83e\uddea<\/span> <span style=\"font-weight: 600; font-size: 18px;\">\u00c9tude et contr\u00f4le de qualit\u00e9 des mat\u00e9riaux ou produits (b\u00e2timent, routes, a\u00e9rodromes, ouvrages d\u2019art)<\/span><\/div><div style=\"background-color: white; border-radius: 24px; padding: 22px 18px; box-shadow: 0 8px 15px rgba(0,0,0,0.08); display: flex; align-items: center; border: 1px solid #e0e7ef;\"><span style=\"color: #1e88e5; font-size: 32px; margin-right: 18px;\">\ud83d\uddfa\ufe0f<\/span> <span style=\"font-weight: 600; font-size: 20px;\">Reconnaissance des sites de projet<\/span><\/div><div style=\"background-color: white; border-radius: 24px; padding: 22px 18px; box-shadow: 0 8px 15px rgba(0,0,0,0.08); display: flex; align-items: center; border: 1px solid #e0e7ef;\"><span style=\"color: #1e88e5; font-size: 32px; margin-right: 18px;\">\ud83d\udd27<\/span> <span style=\"font-weight: 600; font-size: 20px;\">Expertise des d\u00e9gradations caus\u00e9es sur les infrastructures<\/span><\/div><div style=\"background-color: white; border-radius: 24px; padding: 22px 18px; box-shadow: 0 8px 15px rgba(0,0,0,0.08); display: flex; align-items: center; border: 1px solid #e0e7ef;\"><span style=\"color: #1e88e5; font-size: 32px; margin-right: 18px;\">\ud83c\udf0d<\/span> <span style=\"font-weight: 600; font-size: 20px;\">\u00c9tude du comportement des sols<\/span><\/div><div style=\"background-color: white; border-radius: 24px; padding: 22px 18px; box-shadow: 0 8px 15px rgba(0,0,0,0.08); display: flex; align-items: center; border: 1px solid #e0e7ef;\"><span style=\"color: #1e88e5; font-size: 32px; margin-right: 18px;\">\ud83c\udfd7\ufe0f<\/span> <span style=\"font-weight: 600; font-size: 20px;\">Expertise technique et \u00e9valuation des b\u00e2timents et ouvrages<\/span><\/div><div style=\"background-color: white; border-radius: 24px; padding: 22px 18px; box-shadow: 0 8px 15px rgba(0,0,0,0.08); display: flex; align-items: center; border: 1px solid #e0e7ef;\"><span style=\"color: #1e88e5; font-size: 32px; margin-right: 18px;\">\ud83d\udcd0<\/span> <span style=\"font-weight: 600; font-size: 20px;\">Recherche fondamentale et appliqu\u00e9e (normalisation et certification de tout produit BTP)<\/span><\/div><\/div><p><!-- Note de bas de page agrandie --><\/p><p style=\"text-align: center; margin-top: 40px; color: #2c6e9e; font-size: 18px; font-style: italic; border-top: 2px dashed #bbd4ff; padding-top: 25px;\">Le LNTP\/B : l\u2019expertise technique au service des infrastructures durables.<\/p><\/div>                        <\/div>\n                    <\/div>\n                            <\/div>\n        <\/div>\n    <\/div>\t\t<\/div>\n\t\t\t\t<\/div>\n\t\t\t\t\t<\/div>\n\t\t<\/div>\n\t\t\t\t\t\t\t<\/div>\n\t\t<\/section>\n\t\t\t\t\t<\/div>\n\t\t<\/div>\n\t\t\t\t\t\t\t<\/div>\n\t\t<\/section>\n\t\t\t\t\t\t\t<\/div>\n\t\t","protected":false},"excerpt":{"rendered":"<p>Missions Laboratoire National des Travaux Publics et du B\u00e2timent (LNTP\/B) Notre mission : garantir la qualit\u00e9, la s\u00e9curit\u00e9 et la durabilit\u00e9 des infrastructures en fournissant des services techniques et scientifiques de haut niveau. Nos valeurs &#x1f50d; Int\u00e9grit\u00e9 et transparence&#x1f4a1; Innovation et technologie&#x2b50; Engagement envers la qualit\u00e9&#x1f91d; Service \u00e0 la communaut\u00e9 Les activit\u00e9s du LNTP\/B Le [&hellip;]<\/p>\n","protected":false},"author":1,"featured_media":0,"parent":0,"menu_order":0,"comment_status":"closed","ping_status":"closed","template":"elementor_canvas","meta":{"footnotes":""},"class_list":["post-988","page","type-page","status-publish","hentry"],"_links":{"self":[{"href":"https:\/\/www.lntp.ne\/index.php?rest_route=\/wp\/v2\/pages\/988","targetHints":{"allow":["GET"]}}],"collection":[{"href":"https:\/\/www.lntp.ne\/index.php?rest_route=\/wp\/v2\/pages"}],"about":[{"href":"https:\/\/www.lntp.ne\/index.php?rest_route=\/wp\/v2\/types\/page"}],"author":[{"embeddable":true,"href":"https:\/\/www.lntp.ne\/index.php?rest_route=\/wp\/v2\/users\/1"}],"replies":[{"embeddable":true,"href":"https:\/\/www.lntp.ne\/index.php?rest_route=%2Fwp%2Fv2%2Fcomments&post=988"}],"version-history":[{"count":78,"href":"https:\/\/www.lntp.ne\/index.php?rest_route=\/wp\/v2\/pages\/988\/revisions"}],"predecessor-version":[{"id":2519,"href":"https:\/\/www.lntp.ne\/index.php?rest_route=\/wp\/v2\/pages\/988\/revisions\/2519"}],"wp:attachment":[{"href":"https:\/\/www.lntp.ne\/index.php?rest_route=%2Fwp%2Fv2%2Fmedia&parent=988"}],"curies":[{"name":"wp","href":"https:\/\/api.w.org\/{rel}","templated":true}]}}